{"id":13,"date":"2026-04-30T16:25:00","date_gmt":"2026-04-30T14:25:00","guid":{"rendered":"http:\/\/konradddddddd.pl\/?post_type=product&#038;p=13"},"modified":"2026-04-30T17:51:19","modified_gmt":"2026-04-30T15:51:19","slug":"box-carplay-android-auto-dla-bmw","status":"publish","type":"product","link":"https:\/\/konradddddddd.pl\/?product=box-carplay-android-auto-dla-bmw","title":{"rendered":"Box CarPlay\/Android auto dla BMW"},"content":{"rendered":"<p>Nowoczesny modu\u0142 CarPlay do BMW w formie kompaktowego boxa to idealne rozwi\u0105zanie dla kierowc\u00f3w, kt\u00f3rzy chc\u0105 unowocze\u015bni\u0107 swoje auto bez kosztownej wymiany ca\u0142ego systemu multimedialnego. Urz\u0105dzenie umo\u017cliwia bezprzewodowe korzystanie z Apple CarPlay \u2013 nawigacji, muzyki, wiadomo\u015bci i po\u0142\u0105cze\u0144 \u2013 bezpo\u015brednio na fabrycznym ekranie iDrive. Szybki monta\u017c typu plug &amp; play, pe\u0142na integracja z systemem samochodu oraz zachowanie oryginalnych funkcji sprawiaj\u0105, \u017ce to wygodny i praktyczny upgrade dla ka\u017cdego BMW.<\/p>\n","protected":false},"excerpt":{"rendered":"<p>Nowoczesny modu\u0142 CarPlay do BMW w formie kompaktowego boxa to idealne rozwi\u0105zanie dla kierowc\u00f3w, kt\u00f3rzy chc\u0105 unowocze\u015bni\u0107 swoje auto bez kosztownej wymiany ca\u0142ego systemu multimedialnego. Urz\u0105dzenie umo\u017cliwia bezprzewodowe korzystanie z Apple CarPlay \u2013 nawigacji, muzyki, wiadomo\u015bci i po\u0142\u0105cze\u0144 \u2013 bezpo\u015brednio na fabrycznym ekranie iDrive. Szybki monta\u017c typu plug &amp; play, pe\u0142na integracja z systemem samochodu [&hellip;]<\/p>\n","protected":false},"featured_media":25,"comment_status":"open","ping_status":"closed","template":"","meta":{"saved_in_kubio":false},"product_brand":[],"product_cat":[16],"product_tag":[18,19,17,24,25,20,21,22,23],"class_list":{"0":"post-13","1":"product","2":"type-product","3":"status-publish","4":"has-post-thumbnail","6":"product_cat-motoryzacja","7":"product_tag-android-auto","8":"product_tag-bmw","9":"product_tag-carplay","10":"product_tag-e60","11":"product_tag-e90","12":"product_tag-f01","13":"product_tag-f10","14":"product_tag-f20","15":"product_tag-f30","17":"first","18":"instock","19":"shipping-taxable","20":"product-type-variable"},"_links":{"self":[{"href":"https:\/\/konradddddddd.pl\/index.php?rest_route=\/wp\/v2\/product\/13","targetHints":{"allow":["GET"]}}],"collection":[{"href":"https:\/\/konradddddddd.pl\/index.php?rest_route=\/wp\/v2\/product"}],"about":[{"href":"https:\/\/konradddddddd.pl\/index.php?rest_route=\/wp\/v2\/types\/product"}],"replies":[{"embeddable":true,"href":"https:\/\/konradddddddd.pl\/index.php?rest_route=%2Fwp%2Fv2%2Fcomments&post=13"}],"wp:featuredmedia":[{"embeddable":true,"href":"https:\/\/konradddddddd.pl\/index.php?rest_route=\/wp\/v2\/media\/25"}],"wp:attachment":[{"href":"https:\/\/konradddddddd.pl\/index.php?rest_route=%2Fwp%2Fv2%2Fmedia&parent=13"}],"wp:term":[{"taxonomy":"product_brand","embeddable":true,"href":"https:\/\/konradddddddd.pl\/index.php?rest_route=%2Fwp%2Fv2%2Fproduct_brand&post=13"},{"taxonomy":"product_cat","embeddable":true,"href":"https:\/\/konradddddddd.pl\/index.php?rest_route=%2Fwp%2Fv2%2Fproduct_cat&post=13"},{"taxonomy":"product_tag","embeddable":true,"href":"https:\/\/konradddddddd.pl\/index.php?rest_route=%2Fwp%2Fv2%2Fproduct_tag&post=13"}],"curies":[{"name":"wp","href":"https:\/\/api.w.org\/{rel}","templated":true}]}}